{"id":8746,"date":"2025-10-05T14:09:39","date_gmt":"2025-10-05T12:09:39","guid":{"rendered":"https:\/\/agrobiz.pl\/?post_type=product&#038;p=8746"},"modified":"2026-04-07T20:22:39","modified_gmt":"2026-04-07T18:22:39","slug":"bulwa-dalii-georginii","status":"publish","type":"product","link":"https:\/\/agrobiz.pl\/zakupy\/produkt\/bulwa-dalii-georginii\/","title":{"rendered":"Bulwa Dalia Georginia 1 Sztuka"},"content":{"rendered":"<p>Bulwa Dalia Georginia 1 Sztuka<\/p>\n","protected":false},"excerpt":{"rendered":"<p>Bulwa Dalia Georginia\u00a0 jedna sztuka.<\/p>\n<p>Waga bulwy zale\u017cna od odmiany. Niekt\u00f3re s\u0105 niewielkiej wielko\u015bci niekt\u00f3re bardzo du\u017ce.<\/p>\n<p>Z jednej bulwy wyro\u015bnie co najmniej jeden p\u0119d i jedna \u0142odyga z jednym kwiatem w pierwszym roku uprawy.<\/p>\n<p>&nbsp;<\/p>\n","protected":false},"featured_media":8747,"comment_status":"open","ping_status":"closed","template":"","meta":[],"product_brand":[],"product_cat":[24],"product_tag":[],"class_list":{"0":"post-8746","1":"product","2":"type-product","3":"status-publish","4":"has-post-thumbnail","6":"product_cat-wyprzedaz","8":"first","9":"instock","10":"shipping-taxable","11":"purchasable","12":"product-type-simple"},"_links":{"self":[{"href":"https:\/\/agrobiz.pl\/zakupy\/wp-json\/wp\/v2\/product\/8746","targetHints":{"allow":["GET"]}}],"collection":[{"href":"https:\/\/agrobiz.pl\/zakupy\/wp-json\/wp\/v2\/product"}],"about":[{"href":"https:\/\/agrobiz.pl\/zakupy\/wp-json\/wp\/v2\/types\/product"}],"replies":[{"embeddable":true,"href":"https:\/\/agrobiz.pl\/zakupy\/wp-json\/wp\/v2\/comments?post=8746"}],"wp:featuredmedia":[{"embeddable":true,"href":"https:\/\/agrobiz.pl\/zakupy\/wp-json\/wp\/v2\/media\/8747"}],"wp:attachment":[{"href":"https:\/\/agrobiz.pl\/zakupy\/wp-json\/wp\/v2\/media?parent=8746"}],"wp:term":[{"taxonomy":"product_brand","embeddable":true,"href":"https:\/\/agrobiz.pl\/zakupy\/wp-json\/wp\/v2\/product_brand?post=8746"},{"taxonomy":"product_cat","embeddable":true,"href":"https:\/\/agrobiz.pl\/zakupy\/wp-json\/wp\/v2\/product_cat?post=8746"},{"taxonomy":"product_tag","embeddable":true,"href":"https:\/\/agrobiz.pl\/zakupy\/wp-json\/wp\/v2\/product_tag?post=8746"}],"curies":[{"name":"wp","href":"https:\/\/api.w.org\/{rel}","templated":true}]}}