{"id":8239,"date":"2025-01-05T19:57:51","date_gmt":"2025-01-05T18:57:51","guid":{"rendered":"https:\/\/agrobiz.pl\/?post_type=product&#038;p=8239"},"modified":"2025-10-07T09:50:58","modified_gmt":"2025-10-07T07:50:58","slug":"dalia-dalie-georginia-dahlia-kwiaty-karpy-czerwone-red","status":"publish","type":"product","link":"https:\/\/agrobiz.pl\/zakupy\/produkt\/dalia-dalie-georginia-dahlia-kwiaty-karpy-czerwone-red\/","title":{"rendered":"Dalia-Dalie-Georginia-Dahlia-Kwiaty-Karpy-czerwone-red"},"content":{"rendered":"<h1>Dalie<\/h1>\n<p>Jak uprawia\u0107 dalie ?<\/p>\n<p>Gdy kupisz ju\u017c nowe bulwy dalii zwr\u00f3\u0107 uwag\u0119 aby posadzi\u0107 je kie\u0142kami do g\u00f3ry. Przed posadzeniem bulwy nale\u017cy namoczy\u0107 w wodzie przez oko\u0142o 3 godziny, je\u015bli s\u0105 przesuszone to ten czas odpowiednio przed\u0142u\u017camy. Dobr\u0105 praktyk\u0105 jest zabezpieczenie przed chorobami grzybowymi namaczaj\u0105c je przez oko\u0142o 30 minut.<\/p>\n<p>Tak przygotowane bulwy s\u0105 gotowe do sadzenia. Dalie powinny by\u0107 posadzone w s\u0142onecznym miejscu. W miar\u0119 mo\u017cliwo\u015bci nale\u017cy wybra\u0107 takie miejsce, kt\u00f3re nie jest nara\u017cone na silny wiatr. Je\u015bli sadzimy wysokie odmiany to od razu mo\u017cna wbi\u0107 paliki wok\u00f3\u0142 bulwy co pozwala zabezpieczy\u0107 tak\u017ce kruche p\u0119dy przed z\u0142amaniem pod ci\u0119\u017carem du\u017cych kwiat\u00f3w.<\/p>\n<p>Sadzenie bulw:\u00a0 \u00a0<strong>umieszczamy po 3 &#8211; 5 bulw<\/strong>\u00a0co pozwoli osi\u0105gn\u0105\u0107 efekt obfitego kwitnienia ju\u017c w pierwszym roku uprawy.<\/p>\n<p>Je\u015bli Dalie b\u0119dziemy kondycjonowa\u0107 i podp\u0119dzimy dalie w ciep\u0142ym pomieszczeniu przed posadzeniem to przyspieszymy ich letnie kwitnienie.<\/p>\n<p>Nawo\u017cenie Dalii: Tym ro\u015blinom musimy zapewni\u0107 regularne nawo\u017cenie. Dodatkowo nawo\u017cenie sprzyja wytworzeniu wi\u0119kszych bulw, kt\u00f3re w kolejnym roku pi\u0119kniej zakwitn\u0105.<\/p>\n<p>Podlewanie Dalii: Nie nale\u017cy \u015bci\u00f3\u0142kowa\u0107 gleby gdy\u017c Dalie wytwarzaj\u0105 du\u017co li\u015bci a tym samym gleba pozostaje zacieniona i szybko nie wysycha. Unikamy polewania li\u015bci. Najlepszym jest zastosowanie w\u0119\u017cy kropluj\u0105cych i wraz z wod\u0105 podajemy niezb\u0119dne nawozy.<\/p>\n<p>Usuwamy przekwitni\u0119te kwiatostany. Ten zabieg powoduje \u017ce ro\u015blina wytwarza nowe kwiaty i silniej kwitnie.<\/p>\n<p>Dalie s\u0105 odporne na choroby i szkodniki.<\/p>\n<p>Dalie to kwiaty stworzone do tworzenia letnich bukiet\u00f3w.<\/p>\n<p>Mo\u017cna te\u017c w uprawie wp\u0142yn\u0105\u0107 na sam\u0105 wielko\u015b\u0107 kwiatu. Je\u015bli na jednym p\u0119dzie jest kilka p\u0105k\u00f3w, usuwamy p\u0105ki boczne a to spowoduje wytworzenie jednego wi\u0119kszego kwiatu. Mo\u017cemy tak\u017ce usun\u0105\u0107 p\u0105k g\u00f3rny lub przyci\u0105\u0107 nieco g\u00f3rn\u0105 \u0142odyg\u0119 i uzyska\u0107 rozrost p\u0119d\u00f3w bocznych kt\u00f3re wytworz\u0105 wi\u0119cej kwiatostan\u00f3w a tym samym wi\u0119cej kwiat\u00f3w mniejszych. \u015aci\u0119cie w ni\u017cszej partii ro\u015bliny takiego kwiatostanu zapewni naturalny bukiet do wazonu. Im d\u0142u\u017csza b\u0119dzie \u0142odyga \u015bci\u0119tego kwiatu tym jego trwa\u0142o\u015b\u0107 w wazonie b\u0119dzie wi\u0119ksza.<\/p>\n<p>Dalie wykopujemy po pierwszym przymrozku, gdy li\u015bcie zwi\u0119dn\u0105 i poczerniej\u0105. Przy samej ziemi \u015bcinamy \u0142odygi, oczyszczamy bulwy i pozwalamy im obeschn\u0105\u0107 przez kilka dni. Przechowujemy w ch\u0142odnym ale nie nara\u017conym na mr\u00f3z pomieszczeniu. Ponownie sadzimy wiosn\u0105. Bulwy mo\u017cemy podzieli\u0107 na mniejsze ale ograniczy to si\u0142\u0119 ro\u015bliny a tym samym ilo\u015b\u0107 kwiat\u00f3w i ich jako\u015b\u0107.<\/p>\n<p>&nbsp;<\/p>\n<p>Wi\u0119cej informacji : <a href=\"https:\/\/agrobiz.pl\/informacje\/produkcja-uprawa-dalii-georginii\/\" target=\"_blank\" rel=\"noopener\">Produkcja uprawa Dalii \/ Georginii<\/a><\/p>\n<p>&nbsp;<\/p>\n<p>***********************************<\/p>\n<ul>\n<li>G\u0142\u0119boko\u015b\u0107 sadzenia: 10cm<\/li>\n<li>Rozstawa: 40-50cm<\/li>\n<li>Wysoko\u015b\u0107: 100-120cm<\/li>\n<li>Stanowisko:\u00a0s\u0142oneczne<\/li>\n<li>Gleba: przepuszczalna<\/li>\n<li>Termin kwitnienia: VII-XI<\/li>\n<\/ul>\n<p>**********************************<\/p>\n<p>Paszporty ro\u015blin.<\/p>\n<p>Kontrole produkcji ro\u015blin w Gospodarstwie Ogrodniczym nadzoruje : Pa\u0144stwowa Inspekcja Ochrony Ro\u015blin i Nasiennictwa.<\/p>\n<p class=\"desc-p\" data-pm-slice=\"1 1 []\">#dalie #dalia # producent dalii<\/p>\n<p class=\"desc-p\">O\u015bwiadczam, \u017ce zgodnie z Rozporz\u0105dzeniem Parlamentu Europejskiego i Rady (UE) 2016\/2031 z dnia 26 pa\u017adziernika 2016 r. w sprawie \u015brodk\u00f3w ochronnych przeciwko agrofagom ro\u015blin, zmieniaj\u0105cym rozporz\u0105dzenia Parlamentu Europejskiego i Rady (UE) nr 228\/2013, (UE) nr 652\/2014 i (UE) nr 1143\/2014 oraz uchylaj\u0105cym dyrektywy Rady 69\/464\/EWG, 74\/647\/EWG, 93\/85\/EWG, 98\/57\/WE, 2000\/29\/WE, 2006\/91\/WE i 2007\/33\/WE do ka\u017cdej ro\u015bliny lub nasiona do\u0142\u0105czony jest paszport.<\/p>\n<p>&nbsp;<\/p>\n","protected":false},"excerpt":{"rendered":"<h1>Dalie<\/h1>\n<p>Oferujemy sadzonki\/bulwy do posadzenia w gruncie lub donicy na balkonie gdy minie niebezpiecze\u0144stwo wyst\u0105pienia przygruntowych przymrozk\u00f3w.<\/p>\n<p>Kupuj\u0105c 1 szt do paczki wk\u0142adamy sadzonki o wadze 1 kg. 3 szt. to 3 kg.<\/p>\n<p>Pi\u0119kn\u0105 dali\u0119 w kolorze czerwonym. Zam\u00f3w ju\u017c dzi\u015b.<\/p>\n<p>Przepi\u0119kna czerwono &#8211; ceglasta dalia czy inaczej georginia. Rozwa\u017c prosz\u0119 zakup u producenta&#8230; Sadzonki marketowe nie wa\u017c\u0105 1 kg&#8230; cena ta sama.<\/p>\n<p>Bulwy Kwiat\u00f3w przygotowane do sadzenia wysy\u0142amy do wyczerpania zapas\u00f3w.<\/p>\n<p>Wysy\u0142amy paczki do Paczkomat\u00f3w InPost i Orlen Paczka. Najcz\u0119\u015bciej wybieran\u0105 form\u0105 do uprawy przydomowej jest paczka 3 &#8211; 5 kg.<\/p>\n<p>Zapraszamy na zakupy.<\/p>\n<ul>\n<li>G\u0142\u0119boko\u015b\u0107 sadzenia: 10cm<\/li>\n<li>Rozstawa: 40-50cm<\/li>\n<li>Wysoko\u015b\u0107: 120cm<\/li>\n<li>Stanowisko:\u00a0s\u0142oneczne<\/li>\n<li>Gleba: przepuszczalna, \u017cyzna<\/li>\n<li>Termin kwitnienia: VII-XI<\/li>\n<li>Nale\u017cy wykopa\u0107 ro\u015bliny przed Zim\u0105 i umie\u015bci\u0107 w suchym miejscu.<\/li>\n<\/ul>\n<p>Kontrole produkcji ro\u015blin nadzoruje : Pa\u0144stwowa Inspekcja Ochrony Ro\u015blin i Nasiennictwa. Do ka\u017cdej ro\u015bliny do\u0142\u0105czony jest paszport ro\u015blin.<\/p>\n","protected":false},"featured_media":8240,"comment_status":"closed","ping_status":"closed","template":"","meta":[],"product_brand":[],"product_cat":[526,24],"product_tag":[622,623,618,617,619,633,620,634,621],"class_list":{"0":"post-8239","1":"product","2":"type-product","3":"status-publish","4":"has-post-thumbnail","6":"product_cat-kwiaty-rabatowe","7":"product_cat-wyprzedaz","8":"product_tag-bulwy-dalii","9":"product_tag-dahlia","10":"product_tag-dalia","11":"product_tag-dalie","12":"product_tag-georginia","13":"product_tag-karpy-dali","14":"product_tag-karpy-dalii","15":"product_tag-karpy-georgini","16":"product_tag-kwiaty","17":"product_shipping_class-paczka-1-kg","19":"first","20":"instock","21":"shipping-taxable","22":"purchasable","23":"product-type-simple"},"_links":{"self":[{"href":"https:\/\/agrobiz.pl\/zakupy\/wp-json\/wp\/v2\/product\/8239","targetHints":{"allow":["GET"]}}],"collection":[{"href":"https:\/\/agrobiz.pl\/zakupy\/wp-json\/wp\/v2\/product"}],"about":[{"href":"https:\/\/agrobiz.pl\/zakupy\/wp-json\/wp\/v2\/types\/product"}],"replies":[{"embeddable":true,"href":"https:\/\/agrobiz.pl\/zakupy\/wp-json\/wp\/v2\/comments?post=8239"}],"wp:featuredmedia":[{"embeddable":true,"href":"https:\/\/agrobiz.pl\/zakupy\/wp-json\/wp\/v2\/media\/8240"}],"wp:attachment":[{"href":"https:\/\/agrobiz.pl\/zakupy\/wp-json\/wp\/v2\/media?parent=8239"}],"wp:term":[{"taxonomy":"product_brand","embeddable":true,"href":"https:\/\/agrobiz.pl\/zakupy\/wp-json\/wp\/v2\/product_brand?post=8239"},{"taxonomy":"product_cat","embeddable":true,"href":"https:\/\/agrobiz.pl\/zakupy\/wp-json\/wp\/v2\/product_cat?post=8239"},{"taxonomy":"product_tag","embeddable":true,"href":"https:\/\/agrobiz.pl\/zakupy\/wp-json\/wp\/v2\/product_tag?post=8239"}],"curies":[{"name":"wp","href":"https:\/\/api.w.org\/{rel}","templated":true}]}}