{"id":8178,"date":"2022-07-29T06:54:47","date_gmt":"2022-07-29T04:54:47","guid":{"rendered":"https:\/\/agrobiz.pl\/?post_type=product&#038;p=8178"},"modified":"2025-10-07T20:29:31","modified_gmt":"2025-10-07T18:29:31","slug":"fasola-tyczna-piekny-jas","status":"publish","type":"product","link":"https:\/\/agrobiz.pl\/zakupy\/produkt\/fasola-tyczna-piekny-jas\/","title":{"rendered":"Fasola tyczna Pi\u0119kny Ja\u015b"},"content":{"rendered":"<p>Fasola tyczna &#8220;Pi\u0119kny Ja\u015b&#8221; ze zbior\u00f3w 2025 r. Wysy\u0142ka od wrze\u015bnia 2025.<\/p>\n<p>Cena dotyczy jednego kilograma produktu.<\/p>\n<p>Cena zawiera wszystkie op\u0142aty manipulacyjne, klimatyczne i \u015brodowiskowe, opakowanie i transport do paczkomatu i 1 Kg fasoli &#8220;Pi\u0119kny Ja\u015b&#8221;. Jest to fasola tyczna nie kar\u0142owa.<\/p>\n<p>Paczki wysy\u0142amy w dni robocze.<br \/>\nProdukt \u0142uskamy r\u0119cznie na zam\u00f3wienie.<\/p>\n<p>Mo\u017cesz kupi\u0107 max. 24 kg w jednej paczce &#8211; tyle wejdzie do paczkomatu.<\/p>\n<p>Widoczne w og\u0142oszeniu zdj\u0119cia przedstawiaj\u0105 oferowan\u0105 fasol\u0119. Fasol\u0119 nale\u017cy wyp\u0142uka\u0107 w letniej (22,5* Celsjusza) wodzie i moczy\u0107 przez co najmniej 12 godzin aby nasiona nap\u0119cznia\u0142y.<br \/>\nMo\u017cliwa r\u00f3\u017cnica w kolorze w postaci przebarwie\u0144 &gt;1-2%.<\/p>\n<p>Nasz\u0105 fasol\u0119 tyczn\u0105 &#8220;Pi\u0119kny Ja\u015b&#8221; znajdziesz na allegrolokalnie wraz z przesy\u0142k\u0105 do paczkomatu lub do domu dostarczane przez kuriera.<\/p>\n<p>Produkt wysokobia\u0142kowy jest wolny od GMO i glifosatu&#8230; dbamy o swoje i Twoje zdrowie&#8230;<br \/>\nProdukt taki jak fasola charakteryzuje si\u0119 niskim indeksem glikemicznym &#8211; indeks glikemiczny wynosi 23.<\/p>\n<p>Zapraszamy na zakupy i \u017cyczymy smacznego \ud83d\ude42<\/p>\n<p>Zapraszamy wszystkich smakoszy nasion do zakup\u00f3w innych produkt\u00f3w w naszym sklepie w agrobiz pl<\/p>\n","protected":false},"excerpt":{"rendered":"<p>Fasola tyczna &#8220;Pi\u0119kny Ja\u015b&#8221; ze zbior\u00f3w 2025r. Wysy\u0142ka od wrze\u015bnia 2025.<\/p>\n<p>Cena dotyczy jednego kilograma produktu.<\/p>\n<p>Cena zawiera wszystkie op\u0142aty manipulacyjne, klimatyczne i \u015brodowiskowe, opakowanie i transport do paczkomatu i 1 Kg fasoli &#8220;Pi\u0119kny Ja\u015b&#8221;. Jest to fasola tyczna nie kar\u0142owa.<\/p>\n","protected":false},"featured_media":8464,"comment_status":"open","ping_status":"closed","template":"","meta":[],"product_brand":[],"product_cat":[434],"product_tag":[603,563,601,600,602],"class_list":{"0":"post-8178","1":"product","2":"type-product","3":"status-publish","4":"has-post-thumbnail","6":"product_cat-warzywa","7":"product_tag-fasola-duza-jas","8":"product_tag-fasola-piekny-jas","9":"product_tag-fasola-tyczna","10":"product_tag-fasola-tyczna-piekny-jas","11":"product_tag-nasiona-fasoli","13":"first","14":"instock","15":"featured","16":"shipping-taxable","17":"purchasable","18":"product-type-simple"},"_links":{"self":[{"href":"https:\/\/agrobiz.pl\/zakupy\/wp-json\/wp\/v2\/product\/8178","targetHints":{"allow":["GET"]}}],"collection":[{"href":"https:\/\/agrobiz.pl\/zakupy\/wp-json\/wp\/v2\/product"}],"about":[{"href":"https:\/\/agrobiz.pl\/zakupy\/wp-json\/wp\/v2\/types\/product"}],"replies":[{"embeddable":true,"href":"https:\/\/agrobiz.pl\/zakupy\/wp-json\/wp\/v2\/comments?post=8178"}],"wp:featuredmedia":[{"embeddable":true,"href":"https:\/\/agrobiz.pl\/zakupy\/wp-json\/wp\/v2\/media\/8464"}],"wp:attachment":[{"href":"https:\/\/agrobiz.pl\/zakupy\/wp-json\/wp\/v2\/media?parent=8178"}],"wp:term":[{"taxonomy":"product_brand","embeddable":true,"href":"https:\/\/agrobiz.pl\/zakupy\/wp-json\/wp\/v2\/product_brand?post=8178"},{"taxonomy":"product_cat","embeddable":true,"href":"https:\/\/agrobiz.pl\/zakupy\/wp-json\/wp\/v2\/product_cat?post=8178"},{"taxonomy":"product_tag","embeddable":true,"href":"https:\/\/agrobiz.pl\/zakupy\/wp-json\/wp\/v2\/product_tag?post=8178"}],"curies":[{"name":"wp","href":"https:\/\/api.w.org\/{rel}","templated":true}]}}