{"id":8637,"date":"2025-01-19T21:43:22","date_gmt":"2025-01-19T20:43:22","guid":{"rendered":"https:\/\/agrobiz.pl\/?page_id=8637"},"modified":"2025-01-19T22:15:51","modified_gmt":"2025-01-19T21:15:51","slug":"formularz-zwrotu-towaru","status":"publish","type":"page","link":"https:\/\/agrobiz.pl\/zakupy\/formularz-zwrotu-towaru\/","title":{"rendered":"Formularz zwrotu towaru"},"content":{"rendered":"<p>Za\u0142\u0105cznik 1: Formularz odst\u0105pienia od zawartej Umowy przez <em>Konsumenta<\/em> oraz <em>Przedsi\u0119biorc\u0119 na prawach Konsumenta<\/em><\/p>\n<p style=\"text-align: right;\">Miasto\/Wie\u015b: ___________, dnia: __________ r.<\/p>\n<p>Konsument\/Przedsi\u0119biorca na prawach Konsumenta:<\/p>\n<p>Imi\u0119 i&nbsp;nazwisko: ________________<\/p>\n<p>Adres: ________________<\/p>\n<p>E-mail: ________________<\/p>\n<p>Tel: ________________<\/p>\n<p style=\"text-align: right;\">Przedsi\u0119biorca:<\/p>\n<p style=\"text-align: right;\">Nazwa: <span  >Gospodarstwo Ogrodnicze &quot;Agrobiz.pl&quot;<\/span><\/p>\n<p style=\"text-align: right;\">Adres: <span  >Gospodarstwo Ogrodnicze Agrobiz.pl, D\u0105br\u00f3wka 33a, 24-120 Kazimierz Dolny<\/span><\/p>\n<\/p>\n<p style=\"text-align: center;\"><strong>FORMULARZ ODST\u0104PIENIA OD UMOWY PRZEZ KONSUMENTA LUB PRZEDSI\u0118BIORC\u0118 NA PRAWACH KONSUMENTA<\/strong><\/p>\n<p><\/p>\n<p>Niniejszym, dzia\u0142aj\u0105c na podstawie art. 27 ustawy z&nbsp;dnia 30 maja 2014 r. o&nbsp;prawach konsumenta (tj. <em>Dz.U. z&nbsp;2020 r. poz. 287, ze&nbsp;zm.<\/em>), w&nbsp;brzmieniu:<\/p>\n<p style=\"padding-left: 30px;\"><span style=\"text-decoration: underline;\"><strong>Art. 27 ustawy o&nbsp;prawach konsumenta<\/strong><\/span><\/p>\n<p style=\"padding-left: 30px;\"><em>Konsument, kt\u00f3ry zawar\u0142 umow\u0119 na odleg\u0142o\u015b\u0107 lub&nbsp;poza lokalem przedsi\u0119biorstwa, mo\u017ce w&nbsp;terminie 14 dni odst\u0105pi\u0107 od niej bez podawania przyczyny i&nbsp;bez ponoszenia koszt\u00f3w, z&nbsp;wyj\u0105tkiem koszt\u00f3w okre\u015blonych w&nbsp;art. 33, art. 34 ust. 2 i&nbsp;art. 35.<\/em><\/p>\n<p>informuj\u0119 o&nbsp;odst\u0105pieniu od umowy, zawartej dnia _______________ r., polegaj\u0105cej na sprzeda\u017cy \/ wynajmie : us\u0142ugi \/ towaru<\/p>\n<p>__________________________________________________________________________________________________________________________________________________________________________________________________________________<\/p>\n<p>__________________________________________________________________________________________________________________________________________________________________________________________________________________<\/p>\n<p>W zwi\u0105zku z&nbsp;powy\u017cszym, uprzejmie prosz\u0119 o&nbsp;zwrot nast\u0119puj\u0105cej kwoty pieni\u0119\u017cnej, wynikaj\u0105cej z&nbsp;odst\u0105pienia od umowy: _______________ z\u0142 (s\u0142ownie: _____________________________________________), kt\u00f3r\u0105 nale\u017cy przela\u0107 na nast\u0119puj\u0105cy numer rachunku bankowego: _________________________.<\/p>\n<p style=\"text-align: center;\"><strong>Pouczenie:<\/p>\n<p><\/strong><\/p>\n<p>Konsument, jak r\u00f3wnie\u017c Przedsi\u0119biorca na prawach Konsumenta, ma prawo odst\u0105pi\u0107 od Umowy w&nbsp;terminie 14 dni, bez podania jakiejkolwiek przyczyny, a&nbsp;w przypadku Umowy zawartej podczas nieum\u00f3wionej wizyty w&nbsp;miejscu zamieszkania lub&nbsp;zwyk\u0142ego pobytu Konsumenta albo wycieczki &#8211; w&nbsp;terminie 30 dni. Termin do odst\u0105pienia od Umowy wygasa po up\u0142ywie 14 dni od dnia zawarcia Umowy lub&nbsp;w kt\u00f3rym Konsument wszed\u0142 w&nbsp;posiadanie rzeczy\/partii rzeczy lub&nbsp;cz\u0119\u015bci lub&nbsp;w kt\u00f3rym osoba trzecia, inna ni\u017c przewo\u017anik i&nbsp;wskazana przez Konsumenta, wesz\u0142a w&nbsp;posiadanie rzeczy\/partii lub&nbsp;cz\u0119\u015bci, a&nbsp;w przypadku Umowy zawartej podczas nieum\u00f3wionej wizyty w&nbsp;miejscu zamieszkania lub&nbsp;zwyk\u0142ego pobytu Konsumenta albo wycieczki &#8211; po up\u0142ywie 30 dni od dnia wej\u015bcia w&nbsp;posiadanie tej rzeczy\/partii rzeczy.<\/p>\n<p>Aby skorzysta\u0107 z&nbsp;prawa odst\u0105pienia od Umowy, Konsument musi poinformowa\u0107 Sprzedawc\u0119, tj. <span id=\"span_id_firma\"\u00a0 >Gospodarstwo Ogrodnicze &quot;Agrobiz.pl&quot;<\/span>, pod&nbsp;adresem: <span id=\"span_id_adres_zwrotu\"\u00a0 >Gospodarstwo Ogrodnicze Agrobiz.pl, D\u0105br\u00f3wka 33a, 24-120 Kazimierz Dolny<\/span>, na adres e-mail: <span id=\"span_id_email\"\u00a0 >info@agrobiz.pl<\/span>, o&nbsp;swojej decyzji o&nbsp;odst\u0105pieniu od Umowy w&nbsp;drodze jednoznacznego o\u015bwiadczenia, wys\u0142anego poczt\u0105 tradycyjn\u0105 lub&nbsp;poczt\u0105 elektroniczn\u0105. Konsument mo\u017ce skorzysta\u0107 ze&nbsp;wzoru formularza odst\u0105pienia od Umowy, do\u0142\u0105czonego do niniejszego Regulaminu, co nie jest obowi\u0105zkowe. Termin uwa\u017ca si\u0119 za zachowany, gdy Konsument wys\u0142a\u0142 informacj\u0119, dotycz\u0105c\u0105 wykonania przys\u0142uguj\u0105cego prawa odst\u0105pienia od Umowy, przed up\u0142ywem terminu do odst\u0105pienia od Umowy. Konsument powinien odes\u0142a\u0107 lub&nbsp;przekaza\u0107 Produkt Sprzedawcy, na adres: <span id=\"span_id_adres_zwrotu\"\u00a0 >Gospodarstwo Ogrodnicze Agrobiz.pl, D\u0105br\u00f3wka 33a, 24-120 Kazimierz Dolny<\/span>, niezw\u0142ocznie, a&nbsp;w ka\u017cdym razie nie p\u00f3\u017aniej ni\u017c 14 dni od dnia, w&nbsp;kt\u00f3rym poinformowa\u0142 Sprzedawc\u0119 o&nbsp;odst\u0105pieniu od Umowy. Termin ten uwa\u017ca si\u0119 za zachowany, je\u017celi Konsument odes\u0142a\u0142 Sprzedawcy Produkt, przed up\u0142ywem terminu 14 dni.<\/p>\n<p>W przypadku odst\u0105pienia od Umowy Sprzedawca zwraca Konsumentowi wszystkie otrzymane od Konsumenta p\u0142atno\u015bci, w&nbsp;tym koszty dostarczenia Produktu (z wyj\u0105tkiem dodatkowych koszt\u00f3w, wynikaj\u0105cych z&nbsp;wybranego przez Konsumenta sposobu dostarczenia innego, ni\u017c najta\u0144szy i&nbsp;zwyk\u0142y spos\u00f3b dostarczenia, oferowany przez Sprzedawc\u0119), niezw\u0142ocznie, a&nbsp;w ka\u017cdym przypadku nie p\u00f3\u017aniej ni\u017c 14 dni od dnia, w&nbsp;kt\u00f3rym Sprzedawca zosta\u0142 poinformowany o&nbsp;ch\u0119ci skorzystania z&nbsp;prawa odst\u0105pienia od Umowy. Sprzedawca mo\u017ce wstrzyma\u0107 si\u0119 ze&nbsp;zwrotem p\u0142atno\u015bci do czasu otrzymania Produktu lub&nbsp;do czasu dostarczenia przez Konsumenta dowodu jego odes\u0142ania, w&nbsp;zale\u017cno\u015bci od tego, kt\u00f3re zdarzenie nast\u0105pi wcze\u015bniej. Sprzedawca dokona zwrotu p\u0142atno\u015bci przy u\u017cyciu tego samego sposobu p\u0142atno\u015bci, kt\u00f3ry zosta\u0142 u\u017cyty przez Konsumenta w&nbsp;pierwotnej transakcji, chyba \u017ce Konsument wyra\u017anie wyrazi\u0142 zgod\u0119 na inne rozwi\u0105zanie &#8211; w&nbsp;ka\u017cdym przypadku Konsument nie poniesie \u017cadnych op\u0142at w&nbsp;zwi\u0105zku z&nbsp;tym zwrotem.<\/p>\n<p><\/p>\n<p style=\"text-align: right;\"><em>Z wyrazami szacunku<\/em><\/p>\n<p style=\"text-align: right;\">\n<p style=\"text-align: right;\">__________________<br \/><em><span>(w\u0142asnor\u0119czny podpis <\/span>)<\/em><\/p>\n","protected":false},"excerpt":{"rendered":"<p>Za\u0142\u0105cznik 1: Formularz odst\u0105pienia od zawartej Umowy przez Konsumenta oraz Przedsi\u0119biorc\u0119 na prawach Konsumenta Miasto\/Wie\u015b: ___________, dnia: __________ r. Konsument\/Przedsi\u0119biorca na prawach Konsumenta: Imi\u0119 i&nbsp;nazwisko: ________________ Adres: ________________ E-mail: ________________ Tel: ________________ Przedsi\u0119biorca: Nazwa: Gospodarstwo Ogrodnicze &quot;Agrobiz.pl&quot; Adres: Gospodarstwo Ogrodnicze Agrobiz.pl, D\u0105br\u00f3wka 33a, 24-120 Kazimierz Dolny FORMULARZ ODST\u0104PIENIA OD UMOWY PRZEZ KONSUMENTA LUB PRZEDSI\u0118BIORC\u0118 NA [&hellip;]<\/p>\n","protected":false},"author":1,"featured_media":0,"parent":0,"menu_order":0,"comment_status":"closed","ping_status":"closed","template":"","meta":{"footnotes":""},"class_list":["post-8637","page","type-page","status-publish","hentry"],"_links":{"self":[{"href":"https:\/\/agrobiz.pl\/zakupy\/wp-json\/wp\/v2\/pages\/8637","targetHints":{"allow":["GET"]}}],"collection":[{"href":"https:\/\/agrobiz.pl\/zakupy\/wp-json\/wp\/v2\/pages"}],"about":[{"href":"https:\/\/agrobiz.pl\/zakupy\/wp-json\/wp\/v2\/types\/page"}],"author":[{"embeddable":true,"href":"https:\/\/agrobiz.pl\/zakupy\/wp-json\/wp\/v2\/users\/1"}],"replies":[{"embeddable":true,"href":"https:\/\/agrobiz.pl\/zakupy\/wp-json\/wp\/v2\/comments?post=8637"}],"version-history":[{"count":0,"href":"https:\/\/agrobiz.pl\/zakupy\/wp-json\/wp\/v2\/pages\/8637\/revisions"}],"wp:attachment":[{"href":"https:\/\/agrobiz.pl\/zakupy\/wp-json\/wp\/v2\/media?parent=8637"}],"curies":[{"name":"wp","href":"https:\/\/api.w.org\/{rel}","templated":true}]}}